{"id":108,"date":"2022-12-01T13:33:43","date_gmt":"2022-12-01T13:33:43","guid":{"rendered":"http:\/\/dummy.xtemos.com\/woodmart2\/mega-electronics-elementor\/?page_id=108"},"modified":"2025-05-26T06:21:30","modified_gmt":"2025-05-26T06:21:30","slug":"compare","status":"publish","type":"page","link":"https:\/\/perfectvape.de\/en\/compare\/","title":{"rendered":"Compare"},"content":{"rendered":"<div data-elementor-type=\"wp-page\" data-elementor-id=\"108\" class=\"elementor elementor-108\">\n\t\t\t\t\t\t<section class=\"wd-negative-gap elementor-section elementor-top-section elementor-element elementor-element-3888c4a elementor-section-boxed elementor-section-height-default elementor-section-height-default\" data-id=\"3888c4a\" data-element_type=\"section\">\n\t\t\t\t\t\t<div class=\"elementor-container elementor-column-gap-default\">\n\t\t\t\t\t<div class=\"elementor-column elementor-col-100 elementor-top-column elementor-element elementor-element-a3b54d3\" data-id=\"a3b54d3\" data-element_type=\"column\">\n\t\t\t<div class=\"elementor-widget-wrap elementor-element-populated\">\n\t\t\t\t\t\t<div class=\"elementor-element elementor-element-4183600 elementor-widget elementor-widget-wd_compare\" data-id=\"4183600\" data-element_type=\"widget\" data-widget_type=\"wd_compare.default\">\n\t\t\t\t<div class=\"elementor-widget-container\">\n\t\t\t\t\t\t\t<p class=\"wd-empty-compare wd-empty-page\">\n\t\t\tCompare list is empty.\t\t<\/p>\n\t\t\t\t\t<div class=\"wd-empty-page-text\">\n\t\t\t\tNo products added in the compare list. You must add some products to compare them. You will find a lot of interesting products on our \"Shop\" page.\t\t\t<\/div>\n\t\t\t\t<p class=\"return-to-shop\">\n\t\t\t<a class=\"button\" href=\"https:\/\/perfectvape.de\/en\/store\/\">\n\t\t\t\tReturn to shop\t\t\t<\/a>\n\t\t<\/p>\n\t\t\t\t\t\t<\/div>\n\t\t\t\t<\/div>\n\t\t\t\t\t<\/div>\n\t\t<\/div>\n\t\t\t\t\t<\/div>\n\t\t<\/section>\n\t\t\t\t<\/div>","protected":false},"excerpt":{"rendered":"<p>Remove AOC Q24P2Q &pound;280.00 Add to cart Remove AOC AGON AG493UCX Rated 5.00 out of 5 based on 1 customer<\/p>","protected":false},"author":1,"featured_media":0,"parent":0,"menu_order":0,"comment_status":"closed","ping_status":"closed","template":"","meta":{"footnotes":""},"class_list":["post-108","page","type-page","status-publish","hentry"],"yoast_head":"<!-- This site is optimized with the Yoast SEO plugin v25.1 - https:\/\/yoast.com\/wordpress\/plugins\/seo\/ -->\n<title>Vergleiche<\/title>\n<meta name=\"description\" content=\"Unsere E-Zigaretten bieten modernste Technologie und h\u00f6chste Qualit\u00e4t. Entdecken Sie eine gro\u00dfe Auswahl an Geschmacksrichtungen und Nikotinst\u00e4rken f\u00fcr ein individuelles Dampferlebnis.\" \/>\n<meta name=\"robots\" content=\"index, follow, max-snippet:-1, max-image-preview:large, max-video-preview:-1\" \/>\n<link rel=\"canonical\" href=\"https:\/\/perfectvape.de\/en\/compare\/\" \/>\n<meta property=\"og:locale\" content=\"en_US\" \/>\n<meta property=\"og:type\" content=\"article\" \/>\n<meta property=\"og:title\" content=\"Vergleiche\" \/>\n<meta property=\"og:description\" content=\"Unsere E-Zigaretten bieten modernste Technologie und h\u00f6chste Qualit\u00e4t. Entdecken Sie eine gro\u00dfe Auswahl an Geschmacksrichtungen und Nikotinst\u00e4rken f\u00fcr ein individuelles Dampferlebnis.\" \/>\n<meta property=\"og:url\" content=\"https:\/\/perfectvape.de\/en\/compare\/\" \/>\n<meta property=\"og:site_name\" content=\"perfectvape\" \/>\n<meta property=\"article:modified_time\" content=\"2025-05-26T06:21:30+00:00\" \/>\n<meta property=\"og:image\" content=\"http:\/\/dummy.xtemos.com\/woodmart2\/mega-electronics-elementor\/wp-content\/uploads\/sites\/8\/2022\/12\/aoc-q24p2q-1-430x491.jpg\" \/>\n<meta name=\"twitter:card\" content=\"summary_large_image\" \/>\n<meta name=\"twitter:label1\" content=\"Est. reading time\" \/>\n\t<meta name=\"twitter:data1\" content=\"2 minutes\" \/>\n<script type=\"application\/ld+json\" class=\"yoast-schema-graph\">{\"@context\":\"https:\/\/schema.org\",\"@graph\":[{\"@type\":\"WebPage\",\"@id\":\"https:\/\/perfectvape.de\/vergleiche\/\",\"url\":\"https:\/\/perfectvape.de\/vergleiche\/\",\"name\":\"Vergleiche\",\"isPartOf\":{\"@id\":\"https:\/\/perfectvape.de\/#website\"},\"primaryImageOfPage\":{\"@id\":\"https:\/\/perfectvape.de\/vergleiche\/#primaryimage\"},\"image\":{\"@id\":\"https:\/\/perfectvape.de\/vergleiche\/#primaryimage\"},\"thumbnailUrl\":\"http:\/\/dummy.xtemos.com\/woodmart2\/mega-electronics-elementor\/wp-content\/uploads\/sites\/8\/2022\/12\/aoc-q24p2q-1-430x491.jpg\",\"datePublished\":\"2022-12-01T13:33:43+00:00\",\"dateModified\":\"2025-05-26T06:21:30+00:00\",\"description\":\"Unsere E-Zigaretten bieten modernste Technologie und h\u00f6chste Qualit\u00e4t. Entdecken Sie eine gro\u00dfe Auswahl an Geschmacksrichtungen und Nikotinst\u00e4rken f\u00fcr ein individuelles Dampferlebnis.\",\"breadcrumb\":{\"@id\":\"https:\/\/perfectvape.de\/vergleiche\/#breadcrumb\"},\"inLanguage\":\"en-US\",\"potentialAction\":[{\"@type\":\"ReadAction\",\"target\":[\"https:\/\/perfectvape.de\/vergleiche\/\"]}]},{\"@type\":\"ImageObject\",\"inLanguage\":\"en-US\",\"@id\":\"https:\/\/perfectvape.de\/vergleiche\/#primaryimage\",\"url\":\"http:\/\/dummy.xtemos.com\/woodmart2\/mega-electronics-elementor\/wp-content\/uploads\/sites\/8\/2022\/12\/aoc-q24p2q-1-430x491.jpg\",\"contentUrl\":\"http:\/\/dummy.xtemos.com\/woodmart2\/mega-electronics-elementor\/wp-content\/uploads\/sites\/8\/2022\/12\/aoc-q24p2q-1-430x491.jpg\"},{\"@type\":\"BreadcrumbList\",\"@id\":\"https:\/\/perfectvape.de\/vergleiche\/#breadcrumb\",\"itemListElement\":[{\"@type\":\"ListItem\",\"position\":1,\"name\":\"Startseite\",\"item\":\"https:\/\/perfectvape.de\/\"},{\"@type\":\"ListItem\",\"position\":2,\"name\":\"Vergleiche\"}]},{\"@type\":\"WebSite\",\"@id\":\"https:\/\/perfectvape.de\/#website\",\"url\":\"https:\/\/perfectvape.de\/\",\"name\":\"perfectvape\",\"description\":\"Die besten Online-Vape-Shops in Deutschland\",\"publisher\":{\"@id\":\"https:\/\/perfectvape.de\/#organization\"},\"potentialAction\":[{\"@type\":\"SearchAction\",\"target\":{\"@type\":\"EntryPoint\",\"urlTemplate\":\"https:\/\/perfectvape.de\/?s={search_term_string}\"},\"query-input\":{\"@type\":\"PropertyValueSpecification\",\"valueRequired\":true,\"valueName\":\"search_term_string\"}}],\"inLanguage\":\"en-US\"},{\"@type\":\"Organization\",\"@id\":\"https:\/\/perfectvape.de\/#organization\",\"name\":\"perfectvape\",\"url\":\"https:\/\/perfectvape.de\/\",\"logo\":{\"@type\":\"ImageObject\",\"inLanguage\":\"en-US\",\"@id\":\"https:\/\/perfectvape.de\/#\/schema\/logo\/image\/\",\"url\":\"https:\/\/perfectvape.de\/wp-content\/uploads\/2025\/05\/Perfect-Vape-Logo.png\",\"contentUrl\":\"https:\/\/perfectvape.de\/wp-content\/uploads\/2025\/05\/Perfect-Vape-Logo.png\",\"width\":547,\"height\":467,\"caption\":\"perfectvape\"},\"image\":{\"@id\":\"https:\/\/perfectvape.de\/#\/schema\/logo\/image\/\"}}]}<\/script>\n<!-- \/ Yoast SEO plugin. -->","yoast_head_json":{"title":"Compare","description":"Our e-cigarettes offer state-of-the-art technology and the highest quality. Discover a wide range of flavors and nicotine strengths for a personalized vaping experience.","robots":{"index":"index","follow":"follow","max-snippet":"max-snippet:-1","max-image-preview":"max-image-preview:large","max-video-preview":"max-video-preview:-1"},"canonical":"https:\/\/perfectvape.de\/en\/compare\/","og_locale":"en_US","og_type":"article","og_title":"Vergleiche","og_description":"Unsere E-Zigaretten bieten modernste Technologie und h\u00f6chste Qualit\u00e4t. Entdecken Sie eine gro\u00dfe Auswahl an Geschmacksrichtungen und Nikotinst\u00e4rken f\u00fcr ein individuelles Dampferlebnis.","og_url":"https:\/\/perfectvape.de\/en\/compare\/","og_site_name":"perfectvape","article_modified_time":"2025-05-26T06:21:30+00:00","og_image":[{"url":"http:\/\/dummy.xtemos.com\/woodmart2\/mega-electronics-elementor\/wp-content\/uploads\/sites\/8\/2022\/12\/aoc-q24p2q-1-430x491.jpg","type":"","width":"","height":""}],"twitter_card":"summary_large_image","twitter_misc":{"Est. reading time":"2 minutes"},"schema":{"@context":"https:\/\/schema.org","@graph":[{"@type":"WebPage","@id":"https:\/\/perfectvape.de\/vergleiche\/","url":"https:\/\/perfectvape.de\/vergleiche\/","name":"Compare","isPartOf":{"@id":"https:\/\/perfectvape.de\/#website"},"primaryImageOfPage":{"@id":"https:\/\/perfectvape.de\/vergleiche\/#primaryimage"},"image":{"@id":"https:\/\/perfectvape.de\/vergleiche\/#primaryimage"},"thumbnailUrl":"http:\/\/dummy.xtemos.com\/woodmart2\/mega-electronics-elementor\/wp-content\/uploads\/sites\/8\/2022\/12\/aoc-q24p2q-1-430x491.jpg","datePublished":"2022-12-01T13:33:43+00:00","dateModified":"2025-05-26T06:21:30+00:00","description":"Our e-cigarettes offer state-of-the-art technology and the highest quality. Discover a wide range of flavors and nicotine strengths for a personalized vaping experience.","breadcrumb":{"@id":"https:\/\/perfectvape.de\/vergleiche\/#breadcrumb"},"inLanguage":"en-US","potentialAction":[{"@type":"ReadAction","target":["https:\/\/perfectvape.de\/vergleiche\/"]}]},{"@type":"ImageObject","inLanguage":"en-US","@id":"https:\/\/perfectvape.de\/vergleiche\/#primaryimage","url":"http:\/\/dummy.xtemos.com\/woodmart2\/mega-electronics-elementor\/wp-content\/uploads\/sites\/8\/2022\/12\/aoc-q24p2q-1-430x491.jpg","contentUrl":"http:\/\/dummy.xtemos.com\/woodmart2\/mega-electronics-elementor\/wp-content\/uploads\/sites\/8\/2022\/12\/aoc-q24p2q-1-430x491.jpg"},{"@type":"BreadcrumbList","@id":"https:\/\/perfectvape.de\/vergleiche\/#breadcrumb","itemListElement":[{"@type":"ListItem","position":1,"name":"Startseite","item":"https:\/\/perfectvape.de\/"},{"@type":"ListItem","position":2,"name":"Vergleiche"}]},{"@type":"WebSite","@id":"https:\/\/perfectvape.de\/#website","url":"https:\/\/perfectvape.de\/","name":"perfectvape","description":"The best online vape stores in Germany","publisher":{"@id":"https:\/\/perfectvape.de\/#organization"},"potentialAction":[{"@type":"SearchAction","target":{"@type":"EntryPoint","urlTemplate":"https:\/\/perfectvape.de\/?s={search_term_string}"},"query-input":{"@type":"PropertyValueSpecification","valueRequired":true,"valueName":"search_term_string"}}],"inLanguage":"en-US"},{"@type":"Organization","@id":"https:\/\/perfectvape.de\/#organization","name":"perfectvape","url":"https:\/\/perfectvape.de\/","logo":{"@type":"ImageObject","inLanguage":"en-US","@id":"https:\/\/perfectvape.de\/#\/schema\/logo\/image\/","url":"https:\/\/perfectvape.de\/wp-content\/uploads\/2025\/05\/Perfect-Vape-Logo.png","contentUrl":"https:\/\/perfectvape.de\/wp-content\/uploads\/2025\/05\/Perfect-Vape-Logo.png","width":547,"height":467,"caption":"perfectvape"},"image":{"@id":"https:\/\/perfectvape.de\/#\/schema\/logo\/image\/"}}]}},"_links":{"self":[{"href":"https:\/\/perfectvape.de\/en\/wp-json\/wp\/v2\/pages\/108","targetHints":{"allow":["GET"]}}],"collection":[{"href":"https:\/\/perfectvape.de\/en\/wp-json\/wp\/v2\/pages"}],"about":[{"href":"https:\/\/perfectvape.de\/en\/wp-json\/wp\/v2\/types\/page"}],"author":[{"embeddable":true,"href":"https:\/\/perfectvape.de\/en\/wp-json\/wp\/v2\/users\/1"}],"replies":[{"embeddable":true,"href":"https:\/\/perfectvape.de\/en\/wp-json\/wp\/v2\/comments?post=108"}],"version-history":[{"count":1,"href":"https:\/\/perfectvape.de\/en\/wp-json\/wp\/v2\/pages\/108\/revisions"}],"predecessor-version":[{"id":13219,"href":"https:\/\/perfectvape.de\/en\/wp-json\/wp\/v2\/pages\/108\/revisions\/13219"}],"wp:attachment":[{"href":"https:\/\/perfectvape.de\/en\/wp-json\/wp\/v2\/media?parent=108"}],"curies":[{"name":"wp","href":"https:\/\/api.w.org\/{rel}","templated":true}]}}